{"id":55,"date":"2023-10-25T05:07:21","date_gmt":"2023-10-25T05:07:21","guid":{"rendered":"https:\/\/www.proidcontrol.com\/?page_id=55"},"modified":"2023-10-27T23:48:15","modified_gmt":"2023-10-27T23:48:15","slug":"servicios","status":"publish","type":"page","link":"https:\/\/www.proidcontrol.com\/index.php\/servicios\/","title":{"rendered":"SERVICIOS"},"content":{"rendered":"<p>[et_pb_section fb_built=&#8221;1&#8243; admin_label=&#8221;Header&#8221; _builder_version=&#8221;4.22.2&#8243; background_color=&#8221;#212121&#8243; use_background_color_gradient=&#8221;on&#8221; background_color_gradient_stops=&#8221;rgba(33,33,33,0.5) 0%|rgba(33,33,33,0.9) 100%&#8221; background_color_gradient_overlays_image=&#8221;on&#8221; background_color_gradient_start=&#8221;rgba(33,33,33,0.5)&#8221; background_color_gradient_end=&#8221;rgba(33,33,33,0.9)&#8221; background_image=&#8221;https:\/\/www.proidcontrol.com\/wp-content\/uploads\/2023\/10\/sahaj-patel-ul8YyuexscI-unsplash-scaled.jpeg&#8221; background_position=&#8221;bottom_left&#8221; custom_padding=&#8221;10vw|0px|10vw|0px|true|false&#8221; animation_style=&#8221;zoom&#8221; animation_direction=&#8221;left&#8221; animation_duration=&#8221;1500ms&#8221; animation_intensity_zoom=&#8221;-2%&#8221; global_colors_info=&#8221;{}&#8221;][et_pb_row _builder_version=&#8221;4.16&#8243; global_colors_info=&#8221;{}&#8221;][et_pb_column type=&#8221;4_4&#8243; _builder_version=&#8221;4.16&#8243; custom_padding=&#8221;|||&#8221; global_colors_info=&#8221;{}&#8221; custom_padding__hover=&#8221;|||&#8221;][et_pb_text ul_type=&#8221;circle&#8221; _builder_version=&#8221;4.16&#8243; text_font=&#8221;||||||||&#8221; text_font_size=&#8221;18px&#8221; text_line_height=&#8221;2em&#8221; ul_font=&#8221;||||||||&#8221; ul_font_size=&#8221;18px&#8221; ul_line_height=&#8221;2em&#8221; header_font=&#8221;Montserrat|700|||||||&#8221; header_font_size=&#8221;50px&#8221; header_line_height=&#8221;1.2em&#8221; text_orientation=&#8221;center&#8221; background_layout=&#8221;dark&#8221; max_width=&#8221;800px&#8221; module_alignment=&#8221;center&#8221; header_font_size_tablet=&#8221;40px&#8221; header_font_size_phone=&#8221;28px&#8221; header_font_size_last_edited=&#8221;on|phone&#8221; global_colors_info=&#8221;{}&#8221;]<\/p>\n<h1>Servicios<\/h1>\n<p><span>Soluciones integradas para tus operaciones<\/span><\/p>\n<p>[\/et_pb_text][\/et_pb_column][\/et_pb_row][\/et_pb_section][et_pb_section fb_built=&#8221;1&#8243; admin_label=&#8221;Services&#8221; _builder_version=&#8221;4.16&#8243; locked=&#8221;off&#8221; global_colors_info=&#8221;{}&#8221;][et_pb_row column_structure=&#8221;1_2,1_2&#8243; _builder_version=&#8221;4.16&#8243; locked=&#8221;off&#8221; global_colors_info=&#8221;{}&#8221;][et_pb_column type=&#8221;1_2&#8243; _builder_version=&#8221;4.16&#8243; custom_padding=&#8221;|||&#8221; global_colors_info=&#8221;{}&#8221; custom_padding__hover=&#8221;|||&#8221;][et_pb_text _builder_version=&#8221;4.16&#8243; text_font=&#8221;||||||||&#8221; text_font_size=&#8221;16px&#8221; text_line_height=&#8221;2em&#8221; header_font=&#8221;||||||||&#8221; header_2_font=&#8221;Montserrat|700|||||||&#8221; header_2_font_size=&#8221;36px&#8221; header_2_line_height=&#8221;1.4em&#8221; max_width=&#8221;700px&#8221; module_alignment=&#8221;center&#8221; header_2_font_size_tablet=&#8221;26px&#8221; header_2_font_size_phone=&#8221;20px&#8221; header_2_font_size_last_edited=&#8221;on|phone&#8221; locked=&#8221;off&#8221; global_colors_info=&#8221;{}&#8221;]<\/p>\n<h2><span style=\"color: #943537;\">Servicios Proid Control<\/span><\/h2>\n<p><span>Estos servicios integrales representan la amplitud y la profundidad de las soluciones que ofrecemos en Proid Control. Nos enorgullecemos de nuestro compromiso con la calidad, la seguridad y la satisfacci\u00f3n del cliente en todos los aspectos de nuestro trabajo. Nuestra flexibilidad y capacidad para adaptarnos a tus necesidades espec\u00edficas nos convierten en un socio confiable para tus operaciones de transporte y log\u00edstica. Cont\u00e1ctanos para discutir c\u00f3mo podemos ayudarte a alcanzar tus objetivos log\u00edsticos y de transporte<\/span><\/p>\n<p>[\/et_pb_text][\/et_pb_column][et_pb_column type=&#8221;1_2&#8243; _builder_version=&#8221;4.16&#8243; custom_padding=&#8221;|||&#8221; global_colors_info=&#8221;{}&#8221; custom_padding__hover=&#8221;|||&#8221;][et_pb_image src=&#8221;https:\/\/www.proidcontrol.com\/wp-content\/uploads\/2023\/10\/Captura_de_pantalla_2023-10-24_a_la_s__17.51.20-transformed-removebg-preview.png&#8221; title_text=&#8221;Captura_de_pantalla_2023-10-24_a_la_s__17.51.20-transformed-removebg-preview&#8221; _builder_version=&#8221;4.22.2&#8243; _module_preset=&#8221;default&#8221; animation_style=&#8221;fold&#8221; global_colors_info=&#8221;{}&#8221;][\/et_pb_image][\/et_pb_column][\/et_pb_row][\/et_pb_section][et_pb_section fb_built=&#8221;1&#8243; admin_label=&#8221;Service Details&#8221; _builder_version=&#8221;4.16&#8243; use_background_color_gradient=&#8221;on&#8221; background_color_gradient_stops=&#8221;#ffffff 0%|#f1f5f9 100%&#8221; background_color_gradient_start=&#8221;#ffffff&#8221; background_color_gradient_end=&#8221;#f1f5f9&#8243; background_image=&#8221;https:\/\/www.proidcontrol.com\/wp-content\/uploads\/2023\/10\/transportation-services-05.png&#8221; background_position=&#8221;top_left&#8221; locked=&#8221;off&#8221; global_colors_info=&#8221;{}&#8221;][et_pb_row column_structure=&#8221;3_4,1_4&#8243; _builder_version=&#8221;4.16&#8243; border_color_all=&#8221;rgba(0,0,0,0.1)&#8221; border_width_top=&#8221;1px&#8221; locked=&#8221;off&#8221; global_colors_info=&#8221;{}&#8221;][et_pb_column type=&#8221;3_4&#8243; _builder_version=&#8221;4.16&#8243; custom_padding=&#8221;|||&#8221; global_colors_info=&#8221;{}&#8221; custom_padding__hover=&#8221;|||&#8221;][et_pb_text _builder_version=&#8221;4.22.2&#8243; text_font=&#8221;||||||||&#8221; text_font_size=&#8221;16px&#8221; text_line_height=&#8221;2em&#8221; link_font=&#8221;||||||||&#8221; link_text_color=&#8221;#ff5b0c&#8221; header_font=&#8221;||||||||&#8221; header_2_font=&#8221;Montserrat|700|||||||&#8221; header_2_font_size=&#8221;36px&#8221; header_2_line_height=&#8221;1.4em&#8221; header_4_font=&#8221;Montserrat||||||||&#8221; header_4_font_size=&#8221;16px&#8221; max_width=&#8221;700px&#8221; header_2_font_size_tablet=&#8221;26px&#8221; header_2_font_size_phone=&#8221;20px&#8221; header_2_font_size_last_edited=&#8221;on|phone&#8221; locked=&#8221;off&#8221; global_colors_info=&#8221;{}&#8221;]<\/p>\n<h2><span style=\"color: #943537;\">Transporte terrestre<\/span><\/h2>\n<p><span>Nuestra flota moderna y equipo altamente capacitado aseguran entregas seguras y puntuales en cualquier punto del pa\u00eds. Ofrecemos una amplia variedad de soluciones de transporte terrestre, desde camiones de carga general hasta transporte refrigerado y de productos peligrosos. Nuestra flexibilidad nos permite adaptarnos a tus necesidades espec\u00edficas y garantizar que tus productos lleguen a su destino de manera segura y en el tiempo acordado.<\/span><\/p>\n<p><span><\/span><\/p>\n<p><span><\/span><\/p>\n<ul>\n<li>Flota moderna y diversificada para adaptarse a tus necesidades de carga.<\/li>\n<li>Equipo altamente capacitado y compromiso con la seguridad de tus productos.<\/li>\n<li>Soluciones personalizadas que garantizan entregas seguras y puntuales.<\/li>\n<\/ul>\n<p>[\/et_pb_text][\/et_pb_column][et_pb_column type=&#8221;1_4&#8243; _builder_version=&#8221;4.16&#8243; custom_padding=&#8221;|||&#8221; global_colors_info=&#8221;{}&#8221; custom_padding__hover=&#8221;|||&#8221;][\/et_pb_column][\/et_pb_row][et_pb_row column_structure=&#8221;3_4,1_4&#8243; _builder_version=&#8221;4.16&#8243; border_color_all=&#8221;rgba(0,0,0,0.1)&#8221; border_width_top=&#8221;1px&#8221; locked=&#8221;off&#8221; global_colors_info=&#8221;{}&#8221;][et_pb_column type=&#8221;3_4&#8243; _builder_version=&#8221;4.16&#8243; custom_padding=&#8221;|||&#8221; global_colors_info=&#8221;{}&#8221; custom_padding__hover=&#8221;|||&#8221;][et_pb_text _builder_version=&#8221;4.16&#8243; text_font=&#8221;||||||||&#8221; text_font_size=&#8221;16px&#8221; text_line_height=&#8221;2em&#8221; link_font=&#8221;||||||||&#8221; link_text_color=&#8221;#ff5b0c&#8221; header_font=&#8221;||||||||&#8221; header_2_font=&#8221;Montserrat|700|||||||&#8221; header_2_font_size=&#8221;36px&#8221; header_2_line_height=&#8221;1.4em&#8221; header_4_font=&#8221;Montserrat||||||||&#8221; header_4_font_size=&#8221;16px&#8221; max_width=&#8221;700px&#8221; header_2_font_size_tablet=&#8221;26px&#8221; header_2_font_size_phone=&#8221;20px&#8221; header_2_font_size_last_edited=&#8221;on|phone&#8221; locked=&#8221;off&#8221; global_colors_info=&#8221;{}&#8221;]<\/p>\n<h2><span style=\"color: #943537;\">Servicios portuarios<\/span><\/h2>\n<p><span>Nos especializamos en la manipulaci\u00f3n de cargas en puertos, ofreciendo servicios de carga y descarga de buques, almacenamiento de carga y manipulaci\u00f3n de contenedores. Nuestra amplia experiencia en la gesti\u00f3n portuaria garantiza una operaci\u00f3n eficiente y segura de tus mercanc\u00edas en los puertos, asegurando un flujo continuo de productos.<\/span><\/p>\n<p><span><\/span><\/p>\n<ul>\n<li>Amplia experiencia en la gesti\u00f3n portuaria para una operaci\u00f3n eficiente de tus mercanc\u00edas.<\/li>\n<li>Infraestructura y equipos avanzados para garantizar la seguridad y eficiencia en los puertos.<\/li>\n<\/ul>\n<p>[\/et_pb_text][\/et_pb_column][et_pb_column type=&#8221;1_4&#8243; _builder_version=&#8221;4.16&#8243; custom_padding=&#8221;|||&#8221; global_colors_info=&#8221;{}&#8221; custom_padding__hover=&#8221;|||&#8221;][\/et_pb_column][\/et_pb_row][et_pb_row column_structure=&#8221;3_4,1_4&#8243; _builder_version=&#8221;4.16&#8243; border_color_all=&#8221;rgba(0,0,0,0.1)&#8221; border_width_top=&#8221;1px&#8221; locked=&#8221;off&#8221; global_colors_info=&#8221;{}&#8221;][et_pb_column type=&#8221;3_4&#8243; _builder_version=&#8221;4.16&#8243; custom_padding=&#8221;|||&#8221; global_colors_info=&#8221;{}&#8221; custom_padding__hover=&#8221;|||&#8221;][et_pb_text _builder_version=&#8221;4.16&#8243; text_font=&#8221;||||||||&#8221; text_font_size=&#8221;16px&#8221; text_line_height=&#8221;2em&#8221; link_font=&#8221;||||||||&#8221; link_text_color=&#8221;#ff5b0c&#8221; header_font=&#8221;||||||||&#8221; header_2_font=&#8221;Montserrat|700|||||||&#8221; header_2_font_size=&#8221;36px&#8221; header_2_line_height=&#8221;1.4em&#8221; header_4_font=&#8221;Montserrat||||||||&#8221; header_4_font_size=&#8221;16px&#8221; max_width=&#8221;700px&#8221; header_2_font_size_tablet=&#8221;26px&#8221; header_2_font_size_phone=&#8221;20px&#8221; header_2_font_size_last_edited=&#8221;on|phone&#8221; locked=&#8221;off&#8221; global_colors_info=&#8221;{}&#8221;]<\/p>\n<h2><span style=\"color: #943537;\">Servicios log\u00edsticos<\/span><\/h2>\n<p><span>Desde la gesti\u00f3n de inventario y almacenamiento hasta la distribuci\u00f3n y seguimiento de env\u00edos, nuestros servicios log\u00edsticos est\u00e1n dise\u00f1ados para optimizar tu cadena de suministro. Nuestro equipo de expertos en log\u00edstica trabaja contigo para desarrollar estrategias log\u00edsticas personalizadas que maximizan la eficiencia y reducen los costos operativos.<\/span><\/p>\n<p><span><\/span><\/p>\n<ul>\n<li>Gesti\u00f3n integral de la cadena de suministro, desde inventario hasta distribuci\u00f3n.<\/li>\n<li>Estrategias personalizadas para optimizar la eficiencia y reducir costos operativos.<\/li>\n<li>Seguimiento en tiempo real y servicios de control de calidad para una log\u00edstica eficaz.<\/li>\n<\/ul>\n<p>[\/et_pb_text][\/et_pb_column][et_pb_column type=&#8221;1_4&#8243; _builder_version=&#8221;4.16&#8243; custom_padding=&#8221;|||&#8221; global_colors_info=&#8221;{}&#8221; custom_padding__hover=&#8221;|||&#8221;][\/et_pb_column][\/et_pb_row][et_pb_row column_structure=&#8221;3_4,1_4&#8243; _builder_version=&#8221;4.16&#8243; border_color_all=&#8221;rgba(0,0,0,0.1)&#8221; border_width_top=&#8221;1px&#8221; locked=&#8221;off&#8221; global_colors_info=&#8221;{}&#8221;][et_pb_column type=&#8221;3_4&#8243; _builder_version=&#8221;4.16&#8243; custom_padding=&#8221;|||&#8221; global_colors_info=&#8221;{}&#8221; custom_padding__hover=&#8221;|||&#8221;][et_pb_text _builder_version=&#8221;4.16&#8243; text_font=&#8221;||||||||&#8221; text_font_size=&#8221;16px&#8221; text_line_height=&#8221;2em&#8221; link_font=&#8221;||||||||&#8221; link_text_color=&#8221;#ff5b0c&#8221; header_font=&#8221;||||||||&#8221; header_2_font=&#8221;Montserrat|700|||||||&#8221; header_2_font_size=&#8221;36px&#8221; header_2_line_height=&#8221;1.4em&#8221; header_4_font=&#8221;Montserrat||||||||&#8221; header_4_font_size=&#8221;16px&#8221; max_width=&#8221;700px&#8221; header_2_font_size_tablet=&#8221;26px&#8221; header_2_font_size_phone=&#8221;20px&#8221; header_2_font_size_last_edited=&#8221;on|phone&#8221; locked=&#8221;off&#8221; global_colors_info=&#8221;{}&#8221;]<\/p>\n<h2><span style=\"color: #943537;\">Suministro de materiales<\/span><\/h2>\n<p><span>Suministramos una amplia gama de materiales para proyectos de construcci\u00f3n, incluyendo hormig\u00f3n, acero, madera, ladrillos y herramientas. Nuestros materiales de construcci\u00f3n cumplen con los m\u00e1s altos est\u00e1ndares de calidad y son ideales para garantizar el \u00e9xito de tus proyectos de construcci\u00f3n.<\/span><\/p>\n<p><span><\/span><\/p>\n<ul>\n<ul>\n<li>Suministro de materiales de construcci\u00f3n de alta calidad, desde hormig\u00f3n hasta madera.<\/li>\n<li>Amplia variedad de productos para satisfacer tus necesidades en proyectos de construcci\u00f3n.<\/li>\n<li>Garant\u00eda de que los materiales cumplen con los est\u00e1ndares de calidad m\u00e1s exigentes.<\/li>\n<\/ul>\n<\/ul>\n<p>[\/et_pb_text][\/et_pb_column][et_pb_column type=&#8221;1_4&#8243; _builder_version=&#8221;4.16&#8243; custom_padding=&#8221;|||&#8221; global_colors_info=&#8221;{}&#8221; custom_padding__hover=&#8221;|||&#8221;][\/et_pb_column][\/et_pb_row][et_pb_row column_structure=&#8221;3_4,1_4&#8243; _builder_version=&#8221;4.16&#8243; border_color_all=&#8221;rgba(0,0,0,0.1)&#8221; border_width_top=&#8221;1px&#8221; locked=&#8221;off&#8221; global_colors_info=&#8221;{}&#8221;][et_pb_column type=&#8221;3_4&#8243; _builder_version=&#8221;4.16&#8243; custom_padding=&#8221;|||&#8221; global_colors_info=&#8221;{}&#8221; custom_padding__hover=&#8221;|||&#8221;][et_pb_text _builder_version=&#8221;4.16&#8243; text_font=&#8221;||||||||&#8221; text_font_size=&#8221;16px&#8221; text_line_height=&#8221;2em&#8221; link_font=&#8221;||||||||&#8221; link_text_color=&#8221;#ff5b0c&#8221; header_font=&#8221;||||||||&#8221; header_2_font=&#8221;Montserrat|700|||||||&#8221; header_2_font_size=&#8221;36px&#8221; header_2_line_height=&#8221;1.4em&#8221; header_4_font=&#8221;Montserrat||||||||&#8221; header_4_font_size=&#8221;16px&#8221; max_width=&#8221;700px&#8221; header_2_font_size_tablet=&#8221;26px&#8221; header_2_font_size_phone=&#8221;20px&#8221; header_2_font_size_last_edited=&#8221;on|phone&#8221; locked=&#8221;off&#8221; global_colors_info=&#8221;{}&#8221;]<\/p>\n<h2><span style=\"color: #943537;\"><strong>Servicios de consultor\u00eda log\u00edstica<\/strong><\/span><\/h2>\n<p><span>Ofecemos servicios de consultor\u00eda log\u00edstica para ayudarte a optimizar tus operaciones. Nuestro equipo de consultores trabaja estrechamente contigo para identificar \u00e1reas de mejora, implementar estrategias efectivas y reducir costos log\u00edsticos. Te proporcionamos las herramientas y conocimientos necesarios para alcanzar la eficiencia en tus operaciones<\/span><\/p>\n<ul>\n<li>Consultores expertos que colaboran contigo para identificar \u00e1reas de mejora.<\/li>\n<li>Desarrollo de estrategias efectivas para reducir costos log\u00edsticos y optimizar operaciones.<\/li>\n<li>Herramientas y conocimientos que te permiten alcanzar la eficiencia en tus operaciones.<\/li>\n<\/ul>\n<p>&nbsp;<\/p>\n<p>&nbsp;<\/p>\n<p>[\/et_pb_text][\/et_pb_column][et_pb_column type=&#8221;1_4&#8243; _builder_version=&#8221;4.16&#8243; custom_padding=&#8221;|||&#8221; global_colors_info=&#8221;{}&#8221; custom_padding__hover=&#8221;|||&#8221;][\/et_pb_column][\/et_pb_row][\/et_pb_section][et_pb_section fb_built=&#8221;1&#8243; fullwidth=&#8221;on&#8221; admin_label=&#8221;Section&#8221; _builder_version=&#8221;4.16&#8243; background_color=&#8221;#f1f5f9&#8243; custom_padding=&#8221;0||0px||true|false&#8221; global_colors_info=&#8221;{}&#8221;][et_pb_fullwidth_image title_text=&#8221;rodrigo-abreu-lq9PxpwDZUk-unsplash&#8221; _builder_version=&#8221;4.22.2&#8243; custom_padding=&#8221;|1px||||&#8221; animation_style=&#8221;zoom&#8221; animation_direction=&#8221;left&#8221; animation_duration=&#8221;1500ms&#8221; animation_intensity_zoom=&#8221;-2%&#8221; global_colors_info=&#8221;{}&#8221;][\/et_pb_fullwidth_image][\/et_pb_section][et_pb_section fb_built=&#8221;1&#8243; admin_label=&#8221;Footer&#8221; _builder_version=&#8221;4.22.2&#8243; background_image=&#8221;https:\/\/www.proidcontrol.com\/wp-content\/uploads\/2023\/10\/transportation-services-01.png&#8221; parallax=&#8221;on&#8221; background_enable_mask_style=&#8221;on&#8221; background_mask_style=&#8221;diagonal-bars-2&#8243; custom_padding=&#8221;0px||0px||true&#8221; saved_tabs=&#8221;all&#8221; global_colors_info=&#8221;{}&#8221;][et_pb_row column_structure=&#8221;3_5,2_5&#8243; _builder_version=&#8221;4.22.2&#8243; _module_preset=&#8221;default&#8221; global_colors_info=&#8221;{}&#8221;][et_pb_column type=&#8221;3_5&#8243; _builder_version=&#8221;4.22.2&#8243; _module_preset=&#8221;default&#8221; global_colors_info=&#8221;{}&#8221;][et_pb_image src=&#8221;https:\/\/www.proidcontrol.com\/wp-content\/uploads\/2023\/10\/yassine-khalfalli-xmWlqeYtcQQ-unsplash-scaled.jpeg&#8221; title_text=&#8221;yassine-khalfalli-xmWlqeYtcQQ-unsplash&#8221; _builder_version=&#8221;4.22.2&#8243; _module_preset=&#8221;default&#8221; global_colors_info=&#8221;{}&#8221;][\/et_pb_image][\/et_pb_column][et_pb_column type=&#8221;2_5&#8243; _builder_version=&#8221;4.22.2&#8243; _module_preset=&#8221;default&#8221; global_colors_info=&#8221;{}&#8221;][\/et_pb_column][\/et_pb_row][\/et_pb_section]<\/p>\n","protected":false},"excerpt":{"rendered":"<p>Servicios Soluciones integradas para tus operacionesServicios Proid Control Estos servicios integrales representan la amplitud y la profundidad de las soluciones que ofrecemos en Proid Control. Nos enorgullecemos de nuestro compromiso con la calidad, la seguridad y la satisfacci\u00f3n del cliente en todos los aspectos de nuestro trabajo. Nuestra flexibilidad y capacidad para adaptarnos a tus [&hellip;]<\/p>\n","protected":false},"author":1,"featured_media":0,"parent":0,"menu_order":0,"comment_status":"closed","ping_status":"closed","template":"","meta":{"_et_pb_use_builder":"on","_et_pb_old_content":"","_et_gb_content_width":"","footnotes":""},"class_list":["post-55","page","type-page","status-publish","hentry"],"_links":{"self":[{"href":"https:\/\/www.proidcontrol.com\/index.php\/wp-json\/wp\/v2\/pages\/55","targetHints":{"allow":["GET"]}}],"collection":[{"href":"https:\/\/www.proidcontrol.com\/index.php\/wp-json\/wp\/v2\/pages"}],"about":[{"href":"https:\/\/www.proidcontrol.com\/index.php\/wp-json\/wp\/v2\/types\/page"}],"author":[{"embeddable":true,"href":"https:\/\/www.proidcontrol.com\/index.php\/wp-json\/wp\/v2\/users\/1"}],"replies":[{"embeddable":true,"href":"https:\/\/www.proidcontrol.com\/index.php\/wp-json\/wp\/v2\/comments?post=55"}],"version-history":[{"count":4,"href":"https:\/\/www.proidcontrol.com\/index.php\/wp-json\/wp\/v2\/pages\/55\/revisions"}],"predecessor-version":[{"id":88,"href":"https:\/\/www.proidcontrol.com\/index.php\/wp-json\/wp\/v2\/pages\/55\/revisions\/88"}],"wp:attachment":[{"href":"https:\/\/www.proidcontrol.com\/index.php\/wp-json\/wp\/v2\/media?parent=55"}],"curies":[{"name":"wp","href":"https:\/\/api.w.org\/{rel}","templated":true}]}}